{"id":960,"date":"2022-10-19T12:57:28","date_gmt":"2022-10-19T10:57:28","guid":{"rendered":"https:\/\/ateliersdefred.fr\/?post_type=product&#038;p=960"},"modified":"2023-07-19T14:11:07","modified_gmt":"2023-07-19T12:11:07","slug":"bracelet-migraine-maux-de-tete","status":"publish","type":"product","link":"https:\/\/ateliersdefred.fr\/?product=bracelet-migraine-maux-de-tete","title":{"rendered":"Bracelet migraine\/ maux de t\u00eate"},"content":{"rendered":"<blockquote><p>Ce bracelet est confectionn\u00e9 \u00e0 la main 100% artisanal.<\/p>\n<p>&nbsp;<\/p>\n<p>Je m\u00e9lange les vertus \u00e9nerg\u00e9tiques et \u00e9sot\u00e9riques des pierres.<\/p>\n<p>&nbsp;<\/p>\n<p>Dans le respect de la lithoth\u00e9rapie .<\/p>\n<p>&nbsp;<\/p>\n<p>&nbsp;<\/p>\n<p>&nbsp;<\/p><\/blockquote>\n<p>la lithotherapie reste du bien \u00eatre et ne remplace en aucun cas un avis m\u00e9dical, aucun soin ou traitement ne doit \u00eatre arr\u00eat\u00e9<\/p>\n","protected":false},"excerpt":{"rendered":"<p>MAUX DE T\u00caTE\/MIGRAINE<\/p>\n<p>LAPIS-LAZULI :<\/p>\n<p>-Am\u00e9liorent la circulation du sang au niveau du cerveau ce qui emp\u00eache les maux de t\u00eate<\/p>\n<p>-Pour ce pr\u00e9munir des migraine mieux est de porter r\u00e9guli\u00e8rement du lapis-lazuli.<\/p>\n<p>AM\u00c9THYSTE<\/p>\n<p>-Apaise, purifie ce qui permet de nous aider en p\u00e9riode de migraine<\/p>\n<p>-Procure de la d\u00e9tente et du calme<\/p>\n<p>CRISTAL DE ROCHE<\/p>\n<p>-Amplifie les vertus des pierres<\/p>\n<p>-Soulagent les maux de t\u00eate<\/p>\n<p>&#8211; Absorbe les ondes n\u00e9gatives<\/p>\n<p>&nbsp;<\/p>\n<p>Mais \u00e9galement profit\u00e9es des autres vertus naturelles de ces pierres<strong>.<\/strong><\/p>\n","protected":false},"featured_media":961,"comment_status":"open","ping_status":"closed","template":"","meta":[],"product_brand":[],"product_cat":[17,75],"product_tag":[80],"class_list":{"0":"post-960","1":"product","2":"type-product","3":"status-publish","4":"has-post-thumbnail","6":"product_cat-bracelet","7":"product_cat-bracelet-specifique","8":"product_tag-migraine01","10":"first","11":"instock","12":"shipping-taxable","13":"purchasable","14":"product-type-simple"},"jetpack-related-posts":[],"jetpack_sharing_enabled":true,"_links":{"self":[{"href":"https:\/\/ateliersdefred.fr\/index.php?rest_route=\/wp\/v2\/product\/960","targetHints":{"allow":["GET"]}}],"collection":[{"href":"https:\/\/ateliersdefred.fr\/index.php?rest_route=\/wp\/v2\/product"}],"about":[{"href":"https:\/\/ateliersdefred.fr\/index.php?rest_route=\/wp\/v2\/types\/product"}],"replies":[{"embeddable":true,"href":"https:\/\/ateliersdefred.fr\/index.php?rest_route=%2Fwp%2Fv2%2Fcomments&post=960"}],"wp:featuredmedia":[{"embeddable":true,"href":"https:\/\/ateliersdefred.fr\/index.php?rest_route=\/wp\/v2\/media\/961"}],"wp:attachment":[{"href":"https:\/\/ateliersdefred.fr\/index.php?rest_route=%2Fwp%2Fv2%2Fmedia&parent=960"}],"wp:term":[{"taxonomy":"product_brand","embeddable":true,"href":"https:\/\/ateliersdefred.fr\/index.php?rest_route=%2Fwp%2Fv2%2Fproduct_brand&post=960"},{"taxonomy":"product_cat","embeddable":true,"href":"https:\/\/ateliersdefred.fr\/index.php?rest_route=%2Fwp%2Fv2%2Fproduct_cat&post=960"},{"taxonomy":"product_tag","embeddable":true,"href":"https:\/\/ateliersdefred.fr\/index.php?rest_route=%2Fwp%2Fv2%2Fproduct_tag&post=960"}],"curies":[{"name":"wp","href":"https:\/\/api.w.org\/{rel}","templated":true}]}}