{"id":968,"date":"2022-10-19T17:08:14","date_gmt":"2022-10-19T15:08:14","guid":{"rendered":"https:\/\/ateliersdefred.fr\/?post_type=product&#038;p=968"},"modified":"2023-07-19T14:11:30","modified_gmt":"2023-07-19T12:11:30","slug":"bracelet-sommeil-insomnie","status":"publish","type":"product","link":"https:\/\/ateliersdefred.fr\/?product=bracelet-sommeil-insomnie","title":{"rendered":"Bracelet sommeil\/insomnie"},"content":{"rendered":"<blockquote><p>Ce bracelet est confectionn\u00e9 \u00e0 la main 100% artisanal.<\/p>\n<p>&nbsp;<\/p>\n<p>&nbsp;<\/p>\n<p>Je m\u00e9lange les vertus \u00e9nerg\u00e9tiques et \u00e9sot\u00e9riques des pierres.<\/p>\n<p>&nbsp;<\/p>\n<p>&nbsp;<\/p>\n<p>Dans le respect de la lithoth\u00e9rapie .<\/p><\/blockquote>\n<p>&nbsp;<\/p>\n<p>&nbsp;<\/p>\n<p>la lithotherapie reste du bien \u00eatre et ne remplace en aucun cas un avis m\u00e9dical, aucun soin ou traitement ne doit \u00eatre arr\u00eat\u00e9<\/p>\n","protected":false},"excerpt":{"rendered":"<p>Bracelet Sommeil\/Insomnies<\/p>\n<p>AM\u00c9THYSTE:<\/p>\n<p>-Chasse les id\u00e9es n\u00e9fastes qui peuvent nous emp\u00eacher de dormir.<\/p>\n<p>H\u00c9MATITE :<\/p>\n<p>-Calme les nerfs,apaise et d\u00e9tend cela nous permet de nous endormir plus facilement.<\/p>\n<p>HOWLITE :<\/p>\n<p>-Procure de la s\u00e9r\u00e9nit\u00e9 et du l\u00e2cher prise .<\/p>\n<p>-Aide a avoir une meilleure digestion cela \u00e9vite de nous d\u00e9ranger lors du sommeil.<\/p>\n<p>S\u00c9L\u00c9NITE :<\/p>\n<p>-Apporte un sommeil profond .<\/p>\n<p>-Aide a se concentr\u00e9 , se sentir moins dispers\u00e9 lors du coucher et b\u00e9n\u00e9fique pour l&rsquo;esprit.<\/p>\n<p>QUARTZ ROSE :<\/p>\n<p>-Favorise l&rsquo;amour et douceur .<\/p>\n<p>-Apporte une ambiance plus harmonieuse au sein du foyer.<\/p>\n<p>&nbsp;<\/p>\n<p>Mais \u00e9galement profit\u00e9es des autres vertus naturelles de ces pierres.<\/p>\n","protected":false},"featured_media":971,"comment_status":"open","ping_status":"closed","template":"","meta":[],"product_brand":[],"product_cat":[17,75],"product_tag":[82],"class_list":{"0":"post-968","1":"product","2":"type-product","3":"status-publish","4":"has-post-thumbnail","6":"product_cat-bracelet","7":"product_cat-bracelet-specifique","8":"product_tag-sommeil01","10":"first","11":"instock","12":"shipping-taxable","13":"purchasable","14":"product-type-simple"},"jetpack-related-posts":[],"jetpack_sharing_enabled":true,"_links":{"self":[{"href":"https:\/\/ateliersdefred.fr\/index.php?rest_route=\/wp\/v2\/product\/968","targetHints":{"allow":["GET"]}}],"collection":[{"href":"https:\/\/ateliersdefred.fr\/index.php?rest_route=\/wp\/v2\/product"}],"about":[{"href":"https:\/\/ateliersdefred.fr\/index.php?rest_route=\/wp\/v2\/types\/product"}],"replies":[{"embeddable":true,"href":"https:\/\/ateliersdefred.fr\/index.php?rest_route=%2Fwp%2Fv2%2Fcomments&post=968"}],"wp:featuredmedia":[{"embeddable":true,"href":"https:\/\/ateliersdefred.fr\/index.php?rest_route=\/wp\/v2\/media\/971"}],"wp:attachment":[{"href":"https:\/\/ateliersdefred.fr\/index.php?rest_route=%2Fwp%2Fv2%2Fmedia&parent=968"}],"wp:term":[{"taxonomy":"product_brand","embeddable":true,"href":"https:\/\/ateliersdefred.fr\/index.php?rest_route=%2Fwp%2Fv2%2Fproduct_brand&post=968"},{"taxonomy":"product_cat","embeddable":true,"href":"https:\/\/ateliersdefred.fr\/index.php?rest_route=%2Fwp%2Fv2%2Fproduct_cat&post=968"},{"taxonomy":"product_tag","embeddable":true,"href":"https:\/\/ateliersdefred.fr\/index.php?rest_route=%2Fwp%2Fv2%2Fproduct_tag&post=968"}],"curies":[{"name":"wp","href":"https:\/\/api.w.org\/{rel}","templated":true}]}}