{"id":972,"date":"2022-10-19T17:20:46","date_gmt":"2022-10-19T15:20:46","guid":{"rendered":"https:\/\/ateliersdefred.fr\/?post_type=product&#038;p=972"},"modified":"2023-07-19T14:11:41","modified_gmt":"2023-07-19T12:11:41","slug":"bracelet-problemes-digestif-reflux-gastriques","status":"publish","type":"product","link":"https:\/\/ateliersdefred.fr\/?product=bracelet-problemes-digestif-reflux-gastriques","title":{"rendered":"Bracelet probl\u00e8mes digestif\/ reflux gastriques"},"content":{"rendered":"<blockquote><p>Bracelet en pierres naturelles:<\/p>\n<p>Oeil de tigre, Peridot, Pierres de soleil, jaspe rouge.<\/p>\n<p>Il est confectionn\u00e9 \u00e0 la main 100% artisanal.<\/p>\n<p>&nbsp;<\/p>\n<p>&nbsp;<\/p>\n<p>Je m\u00e9lange les vertus \u00e9nerg\u00e9tiques et \u00e9sot\u00e9riques des pierres.<\/p>\n<p>&nbsp;<\/p>\n<p>&nbsp;<\/p>\n<p>Dans le respect de la lithoth\u00e9rapie .<\/p><\/blockquote>\n<p>&nbsp;<\/p>\n<p>&nbsp;<\/p>\n<p>&nbsp;<\/p>\n<p>&nbsp;<\/p>\n<p>&nbsp;<\/p>\n<p>la lithotherapie reste du bien \u00eatre et ne remplace en aucun cas un avis m\u00e9dical, aucun soin ou traitement ne doit \u00eatre arr\u00eat\u00e9<\/p>\n","protected":false},"excerpt":{"rendered":"<p>PROBL\u00c8ME DIGESTIF ET REFLUX GASTRIQUE<\/p>\n<p>PERIDOT :<\/p>\n<p>-Agit sur les organes internes (foie intestins v\u00e9sicule biliaire)<\/p>\n<p>-Aide \u00e0 \u00e9liminer les toxines.<\/p>\n<p>OEIL DE TIGRE :<\/p>\n<p>-Calme les aigreurs notamment l&rsquo;acidit\u00e9 dans l&rsquo;estomac<\/p>\n<p>-Favorise une meilleure digestion<\/p>\n<p>PIERRE DE SOLEIL<\/p>\n<p>-Aide \u00e0 r\u00e9guler notre digestion<\/p>\n<p>-Am\u00e9liore le transit intestinale<\/p>\n<p>JASPE ROUGE<\/p>\n<p>-Soulage les troubles digestifs<\/p>\n<p>-R\u00e9duit la constipation ,flatulences,les naus\u00e9es et les maux de ventre<\/p>\n<p>-Fortifie l&rsquo;estomac<\/p>\n<p><!--more--><\/p>\n<p>Mais \u00e9galement profit\u00e9es des autres vertus naturelles de ces pierres.<\/p>\n","protected":false},"featured_media":973,"comment_status":"open","ping_status":"closed","template":"","meta":[],"product_brand":[],"product_cat":[17,75],"product_tag":[83],"class_list":{"0":"post-972","1":"product","2":"type-product","3":"status-publish","4":"has-post-thumbnail","6":"product_cat-bracelet","7":"product_cat-bracelet-specifique","8":"product_tag-digestif01","10":"first","11":"instock","12":"shipping-taxable","13":"purchasable","14":"product-type-simple"},"jetpack-related-posts":[],"jetpack_sharing_enabled":true,"_links":{"self":[{"href":"https:\/\/ateliersdefred.fr\/index.php?rest_route=\/wp\/v2\/product\/972","targetHints":{"allow":["GET"]}}],"collection":[{"href":"https:\/\/ateliersdefred.fr\/index.php?rest_route=\/wp\/v2\/product"}],"about":[{"href":"https:\/\/ateliersdefred.fr\/index.php?rest_route=\/wp\/v2\/types\/product"}],"replies":[{"embeddable":true,"href":"https:\/\/ateliersdefred.fr\/index.php?rest_route=%2Fwp%2Fv2%2Fcomments&post=972"}],"wp:featuredmedia":[{"embeddable":true,"href":"https:\/\/ateliersdefred.fr\/index.php?rest_route=\/wp\/v2\/media\/973"}],"wp:attachment":[{"href":"https:\/\/ateliersdefred.fr\/index.php?rest_route=%2Fwp%2Fv2%2Fmedia&parent=972"}],"wp:term":[{"taxonomy":"product_brand","embeddable":true,"href":"https:\/\/ateliersdefred.fr\/index.php?rest_route=%2Fwp%2Fv2%2Fproduct_brand&post=972"},{"taxonomy":"product_cat","embeddable":true,"href":"https:\/\/ateliersdefred.fr\/index.php?rest_route=%2Fwp%2Fv2%2Fproduct_cat&post=972"},{"taxonomy":"product_tag","embeddable":true,"href":"https:\/\/ateliersdefred.fr\/index.php?rest_route=%2Fwp%2Fv2%2Fproduct_tag&post=972"}],"curies":[{"name":"wp","href":"https:\/\/api.w.org\/{rel}","templated":true}]}}