{"id":975,"date":"2022-10-19T17:33:30","date_gmt":"2022-10-19T15:33:30","guid":{"rendered":"https:\/\/ateliersdefred.fr\/?post_type=product&#038;p=975"},"modified":"2024-03-22T18:24:37","modified_gmt":"2024-03-22T17:24:37","slug":"bracelet-eczema-et-psoriasis","status":"publish","type":"product","link":"https:\/\/ateliersdefred.fr\/?product=bracelet-eczema-et-psoriasis","title":{"rendered":"Bracelet ecz\u00e9ma et psoriasis"},"content":{"rendered":"<blockquote><p>Bracelet en pierres naturelle :<\/p>\n<p>labradorite, quartz bleu,aventurine, aigue-marine.<\/p>\n<p>il est confectionn\u00e9 \u00e0 la main 100% artisanal<\/p>\n<p>Aventurine :<\/p>\n<p>En lithoth\u00e9rapie : Est consid\u00e9r\u00e9e comme une pierre apaisante, elle contribuerait \u00e0 r\u00e9duire le stress et \u00e0 favoriser un \u00e9tat d&rsquo;esprit plus serein, ce qui peut \u00eatre b\u00e9n\u00e9fique pour ceux qui croient que le bien-\u00eatre \u00e9motionnel se refl\u00e8te sur la peau.<\/p>\n<p>Labradorite :<\/p>\n<p>En lithoth\u00e9rapie : Est r\u00e9put\u00e9e pour ses propri\u00e9t\u00e9s de protection et de gu\u00e9rison \u00e9nerg\u00e9tique, elle serait utile pour ceux cherchant \u00e0 renforcer leur aura contre les \u00e9nergies n\u00e9gatives, pouvant ainsi contribuer \u00e0 un sentiment de bien-\u00eatre qui peut se manifester \u00e0 travers une meilleure condition de la peau.<\/p>\n<p>Aigue-Marine :<\/p>\n<p>En lithoth\u00e9rapie : Cette pierre est souvent associ\u00e9e \u00e0 la douceur et \u00e0 la relaxation. Elle aiderait \u00e0 apaiser les tensions et \u00e0 procurer un sentiment de tranquillit\u00e9, ce qui pourrait \u00eatre per\u00e7u comme un soutien contre les inconforts cutan\u00e9s li\u00e9s au stress.<\/p>\n<p>Quartz Bleu :<\/p>\n<p>En lithoth\u00e9rapie : Connu pour ses qualit\u00e9s calmantes, le quartz bleu serait b\u00e9n\u00e9fique pour apaiser l&rsquo;esprit et les \u00e9motions, contribuant ainsi \u00e0 un \u00e9tat de bien-\u00eatre g\u00e9n\u00e9ral qui peut influencer positivement l&rsquo;apparence de la peau.<\/p>\n<p><strong><em><u>Vertus Naturelles Suppl\u00e9mentaires :<\/u><\/em><\/strong><\/p>\n<p>Ces pierres, au-del\u00e0 de leurs potentiels bienfaits sur le bien-\u00eatre cutan\u00e9, sont \u00e9galement appr\u00e9ci\u00e9es pour leurs nombreuses autres vertus en lithoth\u00e9rapie, offrant un \u00e9ventail de soutiens \u00e9nerg\u00e9tiques pour divers aspects de la vie personnelle et \u00e9motionnelle.<\/p>\n<p><strong><em><u>Il est important de souligner que les bienfaits attribu\u00e9s \u00e0 ces pierres en lithoth\u00e9rapie ne sont pas valid\u00e9s par la science m\u00e9dicale et ne devraient pas remplacer les traitements m\u00e9dicaux conventionnels. En cas de probl\u00e8mes de peau ou de sant\u00e9, il est recommand\u00e9 de consulter un professionnel de sant\u00e9 qualifi\u00e9.<\/u><\/em><\/strong><\/p><\/blockquote>\n","protected":false},"excerpt":{"rendered":"<p>AVENTURINE :<\/p>\n<p>-Diminue le stress qui est mauvais facteur pour les probl\u00e8mes d\u2019ecz\u00e9ma et d\u2019acn\u00e9.<\/p>\n<p>-Am\u00e9liore regenerescence de la peaux<\/p>\n<p>LABRADORITE :<\/p>\n<p>-Gu\u00e9rit les maux et nous aide a lutter contre les probl\u00e8mes qui peut nous affaiblir telles que psoriasis, dermite, ecz\u00e9ma<\/p>\n<p>AIGUE-MARINE :<\/p>\n<p>-Lutte contre les douleurs et les inconforts caus\u00e9s par les d\u00e9mangeaisons et br\u00fblures.<\/p>\n<p>QUARTZ BLEU :<\/p>\n<p>-Calme les nerfs et probl\u00e8mes nerveux qui jouent un r\u00f4le sur nos probl\u00e8mes de peaux.<\/p>\n<p>Mais \u00e9galement profit\u00e9es des autres vertus naturelles de ces pierres.<\/p>\n","protected":false},"featured_media":978,"comment_status":"open","ping_status":"closed","template":"","meta":[],"product_brand":[],"product_cat":[17,75],"product_tag":[84],"class_list":{"0":"post-975","1":"product","2":"type-product","3":"status-publish","4":"has-post-thumbnail","6":"product_cat-bracelet","7":"product_cat-bracelet-specifique","8":"product_tag-psoriasis01","10":"first","11":"instock","12":"shipping-taxable","13":"purchasable","14":"product-type-simple"},"jetpack-related-posts":[],"jetpack_sharing_enabled":true,"_links":{"self":[{"href":"https:\/\/ateliersdefred.fr\/index.php?rest_route=\/wp\/v2\/product\/975","targetHints":{"allow":["GET"]}}],"collection":[{"href":"https:\/\/ateliersdefred.fr\/index.php?rest_route=\/wp\/v2\/product"}],"about":[{"href":"https:\/\/ateliersdefred.fr\/index.php?rest_route=\/wp\/v2\/types\/product"}],"replies":[{"embeddable":true,"href":"https:\/\/ateliersdefred.fr\/index.php?rest_route=%2Fwp%2Fv2%2Fcomments&post=975"}],"wp:featuredmedia":[{"embeddable":true,"href":"https:\/\/ateliersdefred.fr\/index.php?rest_route=\/wp\/v2\/media\/978"}],"wp:attachment":[{"href":"https:\/\/ateliersdefred.fr\/index.php?rest_route=%2Fwp%2Fv2%2Fmedia&parent=975"}],"wp:term":[{"taxonomy":"product_brand","embeddable":true,"href":"https:\/\/ateliersdefred.fr\/index.php?rest_route=%2Fwp%2Fv2%2Fproduct_brand&post=975"},{"taxonomy":"product_cat","embeddable":true,"href":"https:\/\/ateliersdefred.fr\/index.php?rest_route=%2Fwp%2Fv2%2Fproduct_cat&post=975"},{"taxonomy":"product_tag","embeddable":true,"href":"https:\/\/ateliersdefred.fr\/index.php?rest_route=%2Fwp%2Fv2%2Fproduct_tag&post=975"}],"curies":[{"name":"wp","href":"https:\/\/api.w.org\/{rel}","templated":true}]}}